{"id":2390,"date":"2023-12-05T10:48:29","date_gmt":"2023-12-05T09:48:29","guid":{"rendered":"https:\/\/www.21equipment.com\/code-dethique\/"},"modified":"2024-01-10T17:18:37","modified_gmt":"2024-01-10T16:18:37","slug":"code-dethique","status":"publish","type":"page","link":"https:\/\/www.21equipment.com\/fr\/code-dethique\/","title":{"rendered":"Code d&rsquo;\u00e9thique"},"content":{"rendered":"<section class=\"l-section wpb_row us_custom_23ec97cd height_medium width_full\"><div class=\"l-section-overlay\" style=\"background:var(--color-content-primary)\"><\/div><div class=\"l-section-h i-cf\"><div class=\"g-cols vc_row via_grid cols_1 laptops-cols_inherit tablets-cols_inherit mobiles-cols_1 valign_top type_default stacking_default\"><div class=\"wpb_column vc_column_container\"><div class=\"vc_column-inner\"><div class=\"ult-spacer spacer-69eb75d9953af\" data-id=\"69eb75d9953af\" data-height=\"300\" data-height-mobile=\"300\" data-height-tab=\"300\" data-height-tab-portrait=\"300\" data-height-mobile-landscape=\"300\" style=\"clear:both;display:block;\"><\/div><h1 class=\"w-text us_custom_7e95aa82 has_text_color\"><span url class=\"w-text-h\"><span class=\"w-text-value\">Code d&apos;\u00e9thique et de conduite<\/span><\/span><\/h1><\/div><\/div><\/div><\/div><\/section><section class=\"l-section wpb_row height_medium\"><div class=\"l-section-h i-cf\"><div class=\"g-cols vc_row via_grid cols_1 laptops-cols_inherit tablets-cols_inherit mobiles-cols_1 valign_top type_default stacking_default\"><div class=\"wpb_column vc_column_container\"><div class=\"vc_column-inner\"><div class=\"ult-spacer spacer-69eb75d996463\" data-id=\"69eb75d996463\" data-height=\"40\" data-height-mobile=\"40\" data-height-tab=\"40\" data-height-tab-portrait=\"40\" data-height-mobile-landscape=\"40\" style=\"clear:both;display:block;\"><\/div><div class=\"wpb_text_column\"><div class=\"wpb_wrapper\"><p>Le pr\u00e9sent document vise \u00e0 d\u00e9finir les obligations juridiques et les valeurs morales qui identifient le domaine des responsabilit\u00e9s \u00e9thiques et sociales de chaque personne qui collabore avec la Soci\u00e9t\u00e9 21 Equipment; Ces principes g\u00e9n\u00e9raux d\u00e9terminent les modalit\u00e9s de fonctionnement \u00e0 mettre en \u0153uvre dans 21 EQUIPMENT par tous les destinataires du pr\u00e9sent document.<br \/>\nL\u2019applicabilit\u00e9 du pr\u00e9sent Code de d\u00e9ontologie s\u2019\u00e9tend aux administrateurs, employ\u00e9s, fournisseurs et sous-traitants, consultants et \u00e0 toute personne qui, directement ou indirectement, de fa\u00e7on permanente ou temporaire21 EQUIPMENT et s\u2019efforcent d\u2019atteindre leurs objectifs.<\/p>\n<\/div><\/div><div class=\"w-separator size_medium\"><\/div><div class=\"wpb_text_column\"><div class=\"wpb_wrapper\"><h2><strong>Principes \u00e9thiques g\u00e9n\u00e9raux<\/strong><\/h2>\n<\/div><\/div><div class=\"wpb_text_column\"><div class=\"wpb_wrapper\"><p>21 EQUIPMENT m\u00e8ne ses activit\u00e9s dans le respect des r\u00e9glementations communautaires, nationales et internationales, en rejetant toute pratique ill\u00e9gale avec une attention particuli\u00e8re \u00e0 la pr\u00e9vention de la conformit\u00e9 r\u00e9glementaire et l\u00e9gislative relative \u00e0 ses produits et processus, ainsi que des normes de s\u00e9curit\u00e9 et d\u2019hygi\u00e8ne et de sant\u00e9 au travail.<\/p>\n<p>21 EQUIPMENT ne justifie aucun comportement contraire \u00e0 la l\u00e9gislation en vigueur, au pr\u00e9sent Code \u00c9thique ou aux r\u00e9glementations internes, et sanctionne de tels comportements contraires selon C.C.N.L.\/Statuts\/clauses r\u00e9siliaires dans les Contrats.<\/p>\n<p>21 EQUIPMENT consid\u00e8re que l\u2019ex\u00e9cution des prestations professionnelles par les employ\u00e9s et les collaborateurs de la Soci\u00e9t\u00e9 selon la diligence, la pr\u00e9cision et le professionnalisme est d\u2019une importance fondamentale, afin de fournir aux clients des prestations et des produits de haute qualit\u00e9.<\/p>\n<p>21 EQUIPMENT consid\u00e8re comme une r\u00e9f\u00e9rence fondamentale pour la Soci\u00e9t\u00e9 les valeurs suivantes\u00a0: le s\u00e9rieux, l\u2019exactitude et l\u2019honn\u00eatet\u00e9 professionnelle (le respect des accords formalis\u00e9s et non); l\u2019impartialit\u00e9 de traitement dans l\u2019ex\u00e9cution de toute relation, tant interne qu\u2019externe \u00e0 la Soci\u00e9t\u00e9.<\/p>\n<p>21 EQUIPMENT consid\u00e8re l\u2019individu, ses valeurs et ses droits, valeurs intangibles \u00e0 prot\u00e9ger et s\u2019engage \u00e0 \u00e9viter toute discrimination fond\u00e9e sur l\u2019\u00e2ge, le sexe, l\u2019orientation sexuelle, l\u2019\u00e9tat de sant\u00e9, la race, la nationalit\u00e9, les opinions politiques et syndicales et les croyances religieuses.<\/p>\n<p>21 EQUIPMENT consid\u00e8re en outre son image et sa r\u00e9putation comme des valeurs qui doivent \u00eatre prot\u00e9g\u00e9es et d\u00e9velopp\u00e9es \u00e9galement \u00e0 travers la pleine diffusion, le partage et le respect des principes \u00e9thiques et de comportementaux contenus dans le pr\u00e9sent code.<\/p>\n<\/div><\/div><div class=\"w-separator size_medium\"><\/div><div class=\"wpb_text_column\"><div class=\"wpb_wrapper\"><h3><strong>Pour les fournisseurs de biens et de services<\/strong><\/h3>\n<\/div><\/div><div class=\"wpb_text_column\"><div class=\"wpb_wrapper\"><p>Tous les fournisseurs de biens et de services ont \u00e9t\u00e9 identifi\u00e9s et s\u00e9lectionn\u00e9s par 21 EQUIPMENT avec une impartialit\u00e9, une autonomie et une ind\u00e9pendance de jugement absolues, en tenant compte \u00e9galement du partage conscient des m\u00eames principes \u00e9thiques sur l\u2019environnement, la s\u00e9curit\u00e9 et la qualit\u00e9.<br \/>\n21 EQUIPMENT consid\u00e8re les comportements contraires aux principes exprim\u00e9s dans le Code de D\u00e9ontologie, grave manquement aux devoirs d\u2019exactitude et de bonne foi dans l\u2019ex\u00e9cution du contrat, ainsi que motif de violation de la relation fiduciaire et juste cause de r\u00e9siliation des rapports contractuels.<br \/>\nTous les fournisseurs, dans les relations avec 21 EQUIPMENT, s\u2019engagent \u00e0 op\u00e9rer dans le respect des r\u00e9glementations vivantes et obligatoires, des principes du pr\u00e9sent Code d\u2019Ethique et des proc\u00e9dures internes, le cas \u00e9ch\u00e9ant, et \u00e0 envoyer la documentation et les certifications demand\u00e9es, dans un esprit de collaboration, dans le but de garantir le plus haut degr\u00e9 de s\u00e9curit\u00e9, de fiabilit\u00e9 et de fonctionnalit\u00e9 de ses produits.<\/p>\n<\/div><\/div><\/div><\/div><\/div><\/div><\/section>\n","protected":false},"excerpt":{"rendered":"Code d&apos;\u00e9thique et de conduiteLe pr\u00e9sent document vise \u00e0 d\u00e9finir les obligations juridiques et les valeurs morales qui identifient le domaine des responsabilit\u00e9s \u00e9thiques et sociales de chaque personne qui collabore avec la Soci\u00e9t\u00e9 21 Equipment; Ces principes g\u00e9n\u00e9raux d\u00e9terminent les modalit\u00e9s de fonctionnement \u00e0 mettre en \u0153uvre dans 21 EQUIPMENT par tous les destinataires...","protected":false},"author":1,"featured_media":0,"parent":0,"menu_order":0,"comment_status":"closed","ping_status":"closed","template":"","meta":{"footnotes":""},"class_list":["post-2390","page","type-page","status-publish","hentry"],"_links":{"self":[{"href":"https:\/\/www.21equipment.com\/fr\/wp-json\/wp\/v2\/pages\/2390","targetHints":{"allow":["GET"]}}],"collection":[{"href":"https:\/\/www.21equipment.com\/fr\/wp-json\/wp\/v2\/pages"}],"about":[{"href":"https:\/\/www.21equipment.com\/fr\/wp-json\/wp\/v2\/types\/page"}],"author":[{"embeddable":true,"href":"https:\/\/www.21equipment.com\/fr\/wp-json\/wp\/v2\/users\/1"}],"replies":[{"embeddable":true,"href":"https:\/\/www.21equipment.com\/fr\/wp-json\/wp\/v2\/comments?post=2390"}],"version-history":[{"count":2,"href":"https:\/\/www.21equipment.com\/fr\/wp-json\/wp\/v2\/pages\/2390\/revisions"}],"predecessor-version":[{"id":2392,"href":"https:\/\/www.21equipment.com\/fr\/wp-json\/wp\/v2\/pages\/2390\/revisions\/2392"}],"wp:attachment":[{"href":"https:\/\/www.21equipment.com\/fr\/wp-json\/wp\/v2\/media?parent=2390"}],"curies":[{"name":"wp","href":"https:\/\/api.w.org\/{rel}","templated":true}]}}