{"id":2387,"date":"2023-12-05T16:57:59","date_gmt":"2023-12-05T15:57:59","guid":{"rendered":"https:\/\/www.21equipment.com\/produits-de-beaute\/"},"modified":"2024-02-04T11:44:34","modified_gmt":"2024-02-04T10:44:34","slug":"cosmetiques","status":"publish","type":"page","link":"https:\/\/www.21equipment.com\/fr\/cosmetiques\/","title":{"rendered":"Cosm\u00e9tiques"},"content":{"rendered":"<section class=\"l-section wpb_row us_custom_44bf868f height_medium width_full\"><div class=\"l-section-overlay\" style=\"background:var(--color-header-middle-bg)\"><\/div><div class=\"l-section-h i-cf\"><div class=\"g-cols vc_row via_grid cols_1 laptops-cols_inherit tablets-cols_inherit mobiles-cols_1 valign_top type_default stacking_default\"><div class=\"wpb_column vc_column_container\"><div class=\"vc_column-inner\">\n\t\t\t<!-- START CosmeticiFRA REVOLUTION SLIDER 6.6.18 --><p class=\"rs-p-wp-fix\"><\/p>\n\t\t\t<rs-module-wrap id=\"rev_slider_9_1_wrapper\" data-source=\"gallery\" style=\"visibility:hidden;background:transparent;padding:0;background-image:url(https:\/\/www.21equipment.com\/wp-content\/uploads\/2024\/01\/21-cosmesi.jpg);background-repeat:no-repeat;background-size:cover;background-position:center center;\">\n\t\t\t\t<rs-module id=\"rev_slider_9_1\" style=\"\" data-version=\"6.6.18\">\n\t\t\t\t\t<rs-slides style=\"overflow: hidden; position: absolute;\">\n\t\t\t\t\t\t<rs-slide style=\"position: absolute;\" data-key=\"rs-10\" data-title=\"Slide\" data-anim=\"ms:2400;\" data-in=\"o:0;row:400;\" data-out=\"a:false;\">\n\t\t\t\t\t\t\t<img decoding=\"async\" src=\"\/\/www.21equipment.com\/wp-content\/plugins\/revslider\/public\/assets\/assets\/dummy.png\" alt=\"\" title=\"Cosm\u00e9tiques\" class=\"rev-slidebg tp-rs-img rs-lazyload\" data-lazyload=\"\/\/www.21equipment.com\/wp-content\/plugins\/revslider\/public\/assets\/assets\/transparent.png\" data-no-retina>\n\t\t\t\t\t\t\t<rs-bgvideo \n\t\t\t\t\t\t\t\tdata-video=\"vc:none;w:100%;h:100%;nse:false;sat:true;l:true;ptimer:false;\"\n\t\t\t\t\t\t\t\tdata-vimeoid=\"905974194\"\n\t\t\t\t\t\t\t\tdata-vatr=\"background=1&amp;title=0&amp;byline=0&amp;portrait=0&amp;api=1\"\n\t\t\t\t\t\t\t><\/rs-bgvideo>\n<!--\n\t\t\t\t\t\t\t--><rs-layer\n\t\t\t\t\t\t\t\tid=\"slider-9-slide-10-layer-2\" \n\t\t\t\t\t\t\t\tdata-type=\"text\"\n\t\t\t\t\t\t\t\tdata-color=\"#fff\"\n\t\t\t\t\t\t\t\tdata-rsp_ch=\"on\"\n\t\t\t\t\t\t\t\tdata-xy=\"x:-128px;y:391px;\"\n\t\t\t\t\t\t\t\tdata-text=\"w:normal;s:82;l:103;fw:900;\"\n\t\t\t\t\t\t\t\tdata-dim=\"w:1158px;\"\n\t\t\t\t\t\t\t\tdata-frame_999=\"o:0;st:w;\"\n\t\t\t\t\t\t\t\tstyle=\"z-index:6;font-family:'Roboto';text-transform:uppercase;\"\n\t\t\t\t\t\t\t>LES PRODUITS POUR LA PEAU \n\t\t\t\t\t\t\t<\/rs-layer><!--\n-->\t\t\t\t\t\t<\/rs-slide>\n\t\t\t\t\t<\/rs-slides>\n\t\t\t\t<\/rs-module>\n\t\t\t\t<script>\n\t\t\t\t\tsetREVStartSize({c: 'rev_slider_9_1',rl:[1240,1024,778,480],el:[700],gw:[900],gh:[700],type:'hero',justify:'',layout:'fullscreen',offsetContainer:'',offset:'',mh:\"0\"});if (window.RS_MODULES!==undefined && window.RS_MODULES.modules!==undefined && window.RS_MODULES.modules[\"revslider91\"]!==undefined) {window.RS_MODULES.modules[\"revslider91\"].once = false;window.revapi9 = undefined;if (window.RS_MODULES.checkMinimal!==undefined) window.RS_MODULES.checkMinimal()}\n\t\t\t\t<\/script>\n\t\t\t<\/rs-module-wrap>\n\t\t\t<!-- END REVOLUTION SLIDER -->\n<\/div><\/div><\/div><\/div><\/section><section class=\"l-section wpb_row height_medium\"><div class=\"l-section-h i-cf\"><div class=\"g-cols vc_row via_grid cols_1 laptops-cols_inherit tablets-cols_inherit mobiles-cols_1 valign_top type_default stacking_default\"><div class=\"wpb_column vc_column_container\"><div class=\"vc_column-inner\"><div class=\"wpb_text_column us_custom_ec836a8b\"><div class=\"wpb_wrapper\"><p><strong>Notre peau est unique<\/strong>, nous devons la pr\u00e9server et en prendre soin, 21 Equipment se charge de la recherche de <strong>traitements cosm\u00e9tiques avanc\u00e9s<\/strong> et sans danger pour tous les types de peau, d\u00e8s le moment de leur d\u00e9veloppement jusqu&rsquo;au moment de la livraison au client. Le personnel est compos\u00e9 de personnes attentives aux besoins du march\u00e9 et hautement professionnelles en termes de comp\u00e9tence et d&rsquo;attention \u00e0 la qualit\u00e9, \u00e0 l&rsquo;efficacit\u00e9 et \u00e0 la s\u00e9curit\u00e9 des produits cosm\u00e9tiques.<\/p>\n<p>Nos objectifs continuent\u00a0de cro\u00eetre et de faire cro\u00eetre, en utilisant les derni\u00e8res d\u00e9couvertes parmi les ingr\u00e9dients actifs de la cosm\u00e9tique.<\/p>\n<\/div><\/div><div class=\"w-separator us_custom_ccbbe0c8 size_medium has_font_size with_line width_default thick_1 style_solid color_text align_left with_text with_content\"><div class=\"w-separator-h\"><p class=\"w-separator-text\"><span>D\u00e9couvrez nos produits<\/span><\/p><\/div><\/div><div class=\"g-cols wpb_row via_grid cols_2 laptops-cols_inherit tablets-cols_inherit mobiles-cols_1 valign_middle type_default stacking_default\"><div class=\"wpb_column vc_column_container us_custom_e77dd471 us_animate_this has_bg_color has-link\"><div class=\"vc_column-inner\"><div class=\"ult-spacer spacer-69f59fbade272\" data-id=\"69f59fbade272\" data-height=\"30\" data-height-mobile=\"30\" data-height-tab=\"30\" data-height-tab-portrait=\"30\" data-height-mobile-landscape=\"30\" style=\"clear:both;display:block;\"><\/div><h3 class=\"w-text us_custom_71aa5af0 has_text_color\"><a href=\"https:\/\/www.21equipment.com\/linea-cosmetica-21\/\" class=\"w-text-h\"><span class=\"w-text-value\">Ligne cosm\u00e9tique 21<\/span><\/a><\/h3><div class=\"ult-spacer spacer-69f59fbadec1d\" data-id=\"69f59fbadec1d\" data-height=\"30\" data-height-mobile=\"30\" data-height-tab=\"30\" data-height-tab-portrait=\"30\" data-height-mobile-landscape=\"30\" style=\"clear:both;display:block;\"><\/div><\/div><a href=\"\/fr\/ligne-cosmetique-21\/\" class=\"vc_column-link smooth-scroll\" aria-label=\"Lien\"><\/a><\/div><div class=\"wpb_column vc_column_container us_custom_04964874 us_animate_this has_bg_color has-link\"><div class=\"vc_column-inner\"><div class=\"ult-spacer spacer-69f59fbadf29a\" data-id=\"69f59fbadf29a\" data-height=\"30\" data-height-mobile=\"30\" data-height-tab=\"30\" data-height-tab-portrait=\"30\" data-height-mobile-landscape=\"30\" style=\"clear:both;display:block;\"><\/div><h3 class=\"w-text us_custom_71aa5af0 has_text_color\"><a href=\"https:\/\/www.21equipment.com\/linea-21mila\/\" class=\"w-text-h\"><span class=\"w-text-value\">Ligne 21mila<\/span><\/a><\/h3><div class=\"ult-spacer spacer-69f59fbadf4c3\" data-id=\"69f59fbadf4c3\" data-height=\"30\" data-height-mobile=\"30\" data-height-tab=\"30\" data-height-tab-portrait=\"30\" data-height-mobile-landscape=\"30\" style=\"clear:both;display:block;\"><\/div><\/div><a href=\"\/fr\/ligne-21mila\/\" class=\"vc_column-link smooth-scroll\" aria-label=\"Lien\"><\/a><\/div><\/div><\/div><\/div><\/div><\/div><\/section><section class=\"l-section wpb_row height_medium\"><div class=\"l-section-h i-cf\"><div class=\"g-cols vc_row via_grid cols_1 laptops-cols_inherit tablets-cols_inherit mobiles-cols_1 valign_top type_default stacking_default\"><div class=\"wpb_column vc_column_container\"><div class=\"vc_column-inner\"><\/div><\/div><\/div><\/div><\/section>\n","protected":false},"excerpt":{"rendered":"LES PRODUITS POUR LA PEAU Notre peau est unique, nous devons la pr\u00e9server et en prendre soin, 21 Equipment se charge de la recherche de traitements cosm\u00e9tiques avanc\u00e9s et sans danger pour tous les types de peau, d\u00e8s le moment de leur d\u00e9veloppement jusqu&rsquo;au moment de la livraison au client. Le personnel est compos\u00e9 de...","protected":false},"author":1,"featured_media":0,"parent":0,"menu_order":0,"comment_status":"closed","ping_status":"closed","template":"","meta":{"footnotes":""},"class_list":["post-2387","page","type-page","status-publish","hentry"],"_links":{"self":[{"href":"https:\/\/www.21equipment.com\/fr\/wp-json\/wp\/v2\/pages\/2387","targetHints":{"allow":["GET"]}}],"collection":[{"href":"https:\/\/www.21equipment.com\/fr\/wp-json\/wp\/v2\/pages"}],"about":[{"href":"https:\/\/www.21equipment.com\/fr\/wp-json\/wp\/v2\/types\/page"}],"author":[{"embeddable":true,"href":"https:\/\/www.21equipment.com\/fr\/wp-json\/wp\/v2\/users\/1"}],"replies":[{"embeddable":true,"href":"https:\/\/www.21equipment.com\/fr\/wp-json\/wp\/v2\/comments?post=2387"}],"version-history":[{"count":18,"href":"https:\/\/www.21equipment.com\/fr\/wp-json\/wp\/v2\/pages\/2387\/revisions"}],"predecessor-version":[{"id":3233,"href":"https:\/\/www.21equipment.com\/fr\/wp-json\/wp\/v2\/pages\/2387\/revisions\/3233"}],"wp:attachment":[{"href":"https:\/\/www.21equipment.com\/fr\/wp-json\/wp\/v2\/media?parent=2387"}],"curies":[{"name":"wp","href":"https:\/\/api.w.org\/{rel}","templated":true}]}}