{"id":2384,"date":"2023-12-05T09:33:53","date_gmt":"2023-12-05T08:33:53","guid":{"rendered":"https:\/\/www.21equipment.com\/presse\/"},"modified":"2024-02-21T15:31:02","modified_gmt":"2024-02-21T14:31:02","slug":"thanks","status":"publish","type":"page","link":"https:\/\/www.21equipment.com\/fr\/thanks\/","title":{"rendered":"Thanks"},"content":{"rendered":"<section class=\"l-section wpb_row height_auto width_full\"><div class=\"l-section-h i-cf\"><div class=\"g-cols vc_row via_grid cols_1 laptops-cols_inherit tablets-cols_inherit mobiles-cols_1 valign_top type_default stacking_default\"><div class=\"wpb_column vc_column_container\"><div class=\"vc_column-inner\">\n\t\t\t<!-- START sliderpress REVOLUTION SLIDER 6.6.18 --><p class=\"rs-p-wp-fix\"><\/p>\n\t\t\t<rs-module-wrap id=\"rev_slider_3_1_wrapper\" data-source=\"gallery\" style=\"visibility:hidden;background:transparent;padding:0;background-image:url(https:\/\/www.21equipment.com\/wp-content\/uploads\/2023\/12\/press-21equi.png);background-repeat:no-repeat;background-size:cover;background-position:center center;\">\n\t\t\t\t<rs-module id=\"rev_slider_3_1\" style=\"\" data-version=\"6.6.18\">\n\t\t\t\t\t<rs-slides style=\"overflow: hidden; position: absolute;\">\n\t\t\t\t\t\t<rs-slide style=\"position: absolute;\" data-key=\"rs-4\" data-title=\"Slide\" data-anim=\"ms:594;\" data-in=\"o:0;row:400;\" data-out=\"a:false;\">\n\t\t\t\t\t\t\t<img decoding=\"async\" src=\"\/\/www.21equipment.com\/wp-content\/plugins\/revslider\/public\/assets\/assets\/dummy.png\" alt=\"\" title=\"press-21equi\" width=\"1903\" height=\"808\" class=\"rev-slidebg tp-rs-img rs-lazyload\" data-lazyload=\"\/\/www.21equipment.com\/wp-content\/uploads\/2023\/12\/press-21equi.png\" data-no-retina>\n\t\t\t\t\t\t\t<rs-bgvideo \n\t\t\t\t\t\t\t\tdata-video=\"vc:none;w:100%;h:100%;sta:00:00;nse:false;sat:true;l:true;ptimer:false;\"\n\t\t\t\t\t\t\t\tdata-vimeoid=\"897164846\"\n\t\t\t\t\t\t\t\tdata-vatr=\"background=1&amp;title=0&amp;byline=0&amp;portrait=0&amp;api=1\"\n\t\t\t\t\t\t\t><\/rs-bgvideo>\n<!---->\t\t\t\t\t\t<\/rs-slide>\n\t\t\t\t\t<\/rs-slides>\n\t\t\t\t<\/rs-module>\n\t\t\t\t<script>\n\t\t\t\t\tsetREVStartSize({c: 'rev_slider_3_1',rl:[1240,1024,778,480],el:[700],gw:[900],gh:[700],type:'hero',justify:'',layout:'fullscreen',offsetContainer:'',offset:'',mh:\"0\"});if (window.RS_MODULES!==undefined && window.RS_MODULES.modules!==undefined && window.RS_MODULES.modules[\"revslider31\"]!==undefined) {window.RS_MODULES.modules[\"revslider31\"].once = false;window.revapi3 = undefined;if (window.RS_MODULES.checkMinimal!==undefined) window.RS_MODULES.checkMinimal()}\n\t\t\t\t<\/script>\n\t\t\t<\/rs-module-wrap>\n\t\t\t<!-- END REVOLUTION SLIDER -->\n<\/div><\/div><\/div><\/div><\/section><section class=\"l-section wpb_row height_medium\"><div class=\"l-section-h i-cf\"><div class=\"g-cols vc_row via_grid cols_1 laptops-cols_inherit tablets-cols_inherit mobiles-cols_1 valign_top type_default stacking_default\"><div class=\"wpb_column vc_column_container\"><div class=\"vc_column-inner\"><div class=\"ult-spacer spacer-69f59f778ccaa\" data-id=\"69f59f778ccaa\" data-height=\"40\" data-height-mobile=\"40\" data-height-tab=\"40\" data-height-tab-portrait=\"40\" data-height-mobile-landscape=\"40\" style=\"clear:both;display:block;\"><\/div><div class=\"wpb_text_column\"><div class=\"wpb_wrapper\"><p style=\"text-align: center;\">A plus de 20 000 clients dans le monde entier, pour croire dans les \u00e9quipements que nous produisons, pour nous aider \u00e0 grandir avec vos suggestions, pour nous encourager \u00e0 continuer sur notre chemin d&rsquo;\u00e9tude et d\u2019innovations concr\u00e8tes li\u00e9es au secteur du bien-\u00eatre psycho-physique!<\/p>\n<p style=\"text-align: center;\">Vous avez rendu possible ce que Socrate a \u00e9crit\u00a0:<br \/>\n<em>\u00ab\u00a0Les mots trouveront du cr\u00e9dit lorsque les faits apporteront une certitude\u00a0\u00bb<\/em>.<\/p>\n<\/div><\/div><div class=\"ult-spacer spacer-69f59f778d1e1\" data-id=\"69f59f778d1e1\" data-height=\"40\" data-height-mobile=\"40\" data-height-tab=\"40\" data-height-tab-portrait=\"40\" data-height-mobile-landscape=\"40\" style=\"clear:both;display:block;\"><\/div><div class=\"w-hwrapper valign_top align_center\" style=\"--hwrapper-gap:0.6rem\"><div class=\"w-image align_none\"><a target=\"_blank\" href=\"https:\/\/www.hotel-cep-beaune.com\/\" aria-label=\"Lien\" class=\"w-image-h\"><img loading=\"lazy\" decoding=\"async\" width=\"300\" height=\"300\" src=\"https:\/\/www.21equipment.com\/wp-content\/uploads\/2023\/12\/21-equipment-le-cep.png\" class=\"attachment-large size-large\" alt=\"\" srcset=\"https:\/\/www.21equipment.com\/wp-content\/uploads\/2023\/12\/21-equipment-le-cep.png 300w, https:\/\/www.21equipment.com\/wp-content\/uploads\/2023\/12\/21-equipment-le-cep-150x150.png 150w, https:\/\/www.21equipment.com\/wp-content\/uploads\/2023\/12\/21-equipment-le-cep-60x60.png 60w\" sizes=\"auto, (max-width: 300px) 100vw, 300px\" \/><\/a><\/div><div class=\"w-image align_none\"><a target=\"_blank\" href=\"https:\/\/www.byblos.com\/prestations\/spa-byblos-by-sisley\" aria-label=\"Lien\" class=\"w-image-h\"><img loading=\"lazy\" decoding=\"async\" width=\"300\" height=\"300\" src=\"https:\/\/www.21equipment.com\/wp-content\/uploads\/2023\/12\/21-equipment-byblos-spa.png\" class=\"attachment-large size-large\" alt=\"\" srcset=\"https:\/\/www.21equipment.com\/wp-content\/uploads\/2023\/12\/21-equipment-byblos-spa.png 300w, https:\/\/www.21equipment.com\/wp-content\/uploads\/2023\/12\/21-equipment-byblos-spa-150x150.png 150w, https:\/\/www.21equipment.com\/wp-content\/uploads\/2023\/12\/21-equipment-byblos-spa-60x60.png 60w\" sizes=\"auto, (max-width: 300px) 100vw, 300px\" \/><\/a><\/div><\/div><\/div><\/div><\/div><\/div><\/section><section class=\"l-section wpb_row height_medium\" id=\"h\u00f4tel\"><div class=\"l-section-h i-cf\"><div class=\"g-cols vc_row via_grid cols_1 laptops-cols_inherit tablets-cols_inherit mobiles-cols_1 valign_top type_default stacking_default\"><div class=\"wpb_column vc_column_container\"><div class=\"vc_column-inner\"><div class=\"ult-spacer spacer-69f59f7790b1f\" data-id=\"69f59f7790b1f\" data-height=\"40\" data-height-mobile=\"40\" data-height-tab=\"40\" data-height-tab-portrait=\"40\" data-height-mobile-landscape=\"40\" style=\"clear:both;display:block;\"><\/div><h2 class=\"w-text us_custom_8d50fb82 has_text_color\"><span url class=\"w-text-h\"><span class=\"w-text-value\">Nous sommes pr\u00e9sents ici<\/span><\/span><\/h2><div class=\"ult-spacer spacer-69f59f7790fbe\" data-id=\"69f59f7790fbe\" data-height=\"20\" data-height-mobile=\"20\" data-height-tab=\"20\" data-height-tab-portrait=\"20\" data-height-mobile-landscape=\"20\" style=\"clear:both;display:block;\"><\/div><div class=\"w-grid type_masonry layout_gallery_default cols_6 with_isotope\" id=\"us_grid_1\" style=\"--gap:0.9rem;\" data-filterable=\"true\"><style>@media (max-width:1380px){#us_grid_1 .w-grid-item{width:33.3333%}}@media (max-width:1024px){#us_grid_1 .w-grid-item{width:50%}}@media (max-width:600px){#us_grid_1 .w-grid-item{width:50%}}.layout_gallery_default .w-grid-item-h{}<\/style><div class=\"w-grid-list\">\t<article class=\"w-grid-item post-1814 attachment type-attachment status-inherit hentry\" data-id=\"1814\">\r\n\t\t<div class=\"w-grid-item-h\">\r\n\t\t\t\t\t\t<div class=\"w-post-elm post_image usg_post_image_1 stretched\"><img loading=\"lazy\" decoding=\"async\" width=\"243\" height=\"294\" src=\"https:\/\/www.21equipment.com\/wp-content\/uploads\/2023\/12\/press-21-equipment-dior.jpg\" class=\"attachment-full size-full\" alt=\"\" srcset=\"https:\/\/www.21equipment.com\/wp-content\/uploads\/2023\/12\/press-21-equipment-dior.jpg 243w, https:\/\/www.21equipment.com\/wp-content\/uploads\/2023\/12\/press-21-equipment-dior-50x60.jpg 50w\" sizes=\"auto, (max-width: 243px) 100vw, 243px\" \/><\/div>\t\t<\/div>\r\n\t<\/article>\r\n\t<article class=\"w-grid-item post-1816 attachment type-attachment status-inherit hentry\" data-id=\"1816\">\r\n\t\t<div class=\"w-grid-item-h\">\r\n\t\t\t\t\t\t<div class=\"w-post-elm post_image usg_post_image_1 stretched\"><img loading=\"lazy\" decoding=\"async\" width=\"243\" height=\"294\" src=\"https:\/\/www.21equipment.com\/wp-content\/uploads\/2023\/12\/press-21-equipment-emeria.jpg\" class=\"attachment-full size-full\" alt=\"\" srcset=\"https:\/\/www.21equipment.com\/wp-content\/uploads\/2023\/12\/press-21-equipment-emeria.jpg 243w, https:\/\/www.21equipment.com\/wp-content\/uploads\/2023\/12\/press-21-equipment-emeria-50x60.jpg 50w\" sizes=\"auto, (max-width: 243px) 100vw, 243px\" \/><\/div>\t\t<\/div>\r\n\t<\/article>\r\n\t<article class=\"w-grid-item post-1812 attachment type-attachment status-inherit hentry\" data-id=\"1812\">\r\n\t\t<div class=\"w-grid-item-h\">\r\n\t\t\t\t\t\t<div class=\"w-post-elm post_image usg_post_image_1 stretched\"><img loading=\"lazy\" decoding=\"async\" width=\"243\" height=\"294\" src=\"https:\/\/www.21equipment.com\/wp-content\/uploads\/2023\/12\/press-21-equipment-dior-spa-plaza-athenee.jpg\" class=\"attachment-full size-full\" alt=\"\" srcset=\"https:\/\/www.21equipment.com\/wp-content\/uploads\/2023\/12\/press-21-equipment-dior-spa-plaza-athenee.jpg 243w, https:\/\/www.21equipment.com\/wp-content\/uploads\/2023\/12\/press-21-equipment-dior-spa-plaza-athenee-50x60.jpg 50w\" sizes=\"auto, (max-width: 243px) 100vw, 243px\" \/><\/div>\t\t<\/div>\r\n\t<\/article>\r\n\t<article class=\"w-grid-item post-1810 attachment type-attachment status-inherit hentry\" data-id=\"1810\">\r\n\t\t<div class=\"w-grid-item-h\">\r\n\t\t\t\t\t\t<div class=\"w-post-elm post_image usg_post_image_1 stretched\"><img loading=\"lazy\" decoding=\"async\" width=\"243\" height=\"294\" src=\"https:\/\/www.21equipment.com\/wp-content\/uploads\/2023\/12\/press-21-equipment-antares.jpg\" class=\"attachment-full size-full\" alt=\"\" srcset=\"https:\/\/www.21equipment.com\/wp-content\/uploads\/2023\/12\/press-21-equipment-antares.jpg 243w, https:\/\/www.21equipment.com\/wp-content\/uploads\/2023\/12\/press-21-equipment-antares-50x60.jpg 50w\" sizes=\"auto, (max-width: 243px) 100vw, 243px\" \/><\/div>\t\t<\/div>\r\n\t<\/article>\r\n\t<article class=\"w-grid-item post-1808 attachment type-attachment status-inherit hentry\" data-id=\"1808\">\r\n\t\t<div class=\"w-grid-item-h\">\r\n\t\t\t\t\t\t<div class=\"w-post-elm post_image usg_post_image_1 stretched\"><img loading=\"lazy\" decoding=\"async\" width=\"243\" height=\"294\" src=\"https:\/\/www.21equipment.com\/wp-content\/uploads\/2023\/12\/press-21-equipment-alliance.jpg\" class=\"attachment-full size-full\" alt=\"\" srcset=\"https:\/\/www.21equipment.com\/wp-content\/uploads\/2023\/12\/press-21-equipment-alliance.jpg 243w, https:\/\/www.21equipment.com\/wp-content\/uploads\/2023\/12\/press-21-equipment-alliance-50x60.jpg 50w\" sizes=\"auto, (max-width: 243px) 100vw, 243px\" \/><\/div>\t\t<\/div>\r\n\t<\/article>\r\n\t<article class=\"w-grid-item post-1806 attachment type-attachment status-inherit hentry\" data-id=\"1806\">\r\n\t\t<div class=\"w-grid-item-h\">\r\n\t\t\t\t\t\t<div class=\"w-post-elm post_image usg_post_image_1 stretched\"><img loading=\"lazy\" decoding=\"async\" width=\"243\" height=\"294\" src=\"https:\/\/www.21equipment.com\/wp-content\/uploads\/2023\/12\/press-21-equipment-albereta.jpg\" class=\"attachment-full size-full\" alt=\"\" srcset=\"https:\/\/www.21equipment.com\/wp-content\/uploads\/2023\/12\/press-21-equipment-albereta.jpg 243w, https:\/\/www.21equipment.com\/wp-content\/uploads\/2023\/12\/press-21-equipment-albereta-50x60.jpg 50w\" sizes=\"auto, (max-width: 243px) 100vw, 243px\" \/><\/div>\t\t<\/div>\r\n\t<\/article>\r\n<\/div><div class=\"w-grid-preloader\"><div class=\"g-preloader type_1\">\r\n\t<div><\/div>\r\n<\/div>\r\n<\/div>\t<div class=\"w-grid-json hidden\" onclick='return {&quot;action&quot;:&quot;us_ajax_grid&quot;,&quot;ajax_url&quot;:&quot;https:\\\/\\\/www.21equipment.com\\\/wp-admin\\\/admin-ajax.php&quot;,&quot;infinite_scroll&quot;:0,&quot;max_num_pages&quot;:1,&quot;pagination&quot;:&quot;none&quot;,&quot;permalink_url&quot;:&quot;https:\\\/\\\/www.21equipment.com\\\/fr\\\/wp-json\\\/wp\\\/v2\\\/pages\\\/2384\\\/&quot;,&quot;template_vars&quot;:{&quot;columns&quot;:&quot;6&quot;,&quot;exclude_items&quot;:&quot;none&quot;,&quot;img_size&quot;:&quot;full&quot;,&quot;ignore_items_size&quot;:0,&quot;items_layout&quot;:&quot;gallery_default&quot;,&quot;items_offset&quot;:&quot;1&quot;,&quot;load_animation&quot;:&quot;none&quot;,&quot;overriding_link&quot;:&quot;%7B%22url%22%3A%22%22%7D&quot;,&quot;post_id&quot;:0,&quot;query_args&quot;:{&quot;post_type&quot;:[&quot;attachment&quot;],&quot;post__in&quot;:[&quot;923&quot;,&quot;922&quot;,&quot;921&quot;,&quot;920&quot;,&quot;919&quot;,&quot;918&quot;],&quot;post_status&quot;:&quot;inherit&quot;,&quot;post_mime_type&quot;:&quot;image&quot;,&quot;posts_per_page&quot;:&quot;10&quot;},&quot;orderby_query_args&quot;:{&quot;orderby&quot;:{&quot;date&quot;:&quot;DESC&quot;}},&quot;type&quot;:&quot;masonry&quot;,&quot;us_grid_ajax_index&quot;:1,&quot;us_grid_filter_params&quot;:null,&quot;us_grid_index&quot;:1,&quot;_us_grid_post_type&quot;:&quot;attachment&quot;,&quot;page_args&quot;:[],&quot;lang&quot;:&quot;fr&quot;}}'><\/div>\r\n\t<\/div><\/div><\/div><\/div><\/div><\/section>\n","protected":false},"excerpt":{"rendered":"","protected":false},"author":1,"featured_media":0,"parent":0,"menu_order":0,"comment_status":"closed","ping_status":"closed","template":"","meta":{"footnotes":""},"class_list":["post-2384","page","type-page","status-publish","hentry"],"_links":{"self":[{"href":"https:\/\/www.21equipment.com\/fr\/wp-json\/wp\/v2\/pages\/2384","targetHints":{"allow":["GET"]}}],"collection":[{"href":"https:\/\/www.21equipment.com\/fr\/wp-json\/wp\/v2\/pages"}],"about":[{"href":"https:\/\/www.21equipment.com\/fr\/wp-json\/wp\/v2\/types\/page"}],"author":[{"embeddable":true,"href":"https:\/\/www.21equipment.com\/fr\/wp-json\/wp\/v2\/users\/1"}],"replies":[{"embeddable":true,"href":"https:\/\/www.21equipment.com\/fr\/wp-json\/wp\/v2\/comments?post=2384"}],"version-history":[{"count":13,"href":"https:\/\/www.21equipment.com\/fr\/wp-json\/wp\/v2\/pages\/2384\/revisions"}],"predecessor-version":[{"id":3365,"href":"https:\/\/www.21equipment.com\/fr\/wp-json\/wp\/v2\/pages\/2384\/revisions\/3365"}],"wp:attachment":[{"href":"https:\/\/www.21equipment.com\/fr\/wp-json\/wp\/v2\/media?parent=2384"}],"curies":[{"name":"wp","href":"https:\/\/api.w.org\/{rel}","templated":true}]}}