{"id":2375,"date":"2023-08-23T15:41:51","date_gmt":"2023-08-23T13:41:51","guid":{"rendered":"https:\/\/www.21equipment.com\/qui-nous-sommes\/"},"modified":"2024-01-24T11:12:42","modified_gmt":"2024-01-24T10:12:42","slug":"qui-nous-sommes","status":"publish","type":"page","link":"https:\/\/www.21equipment.com\/fr\/qui-nous-sommes\/","title":{"rendered":"Qui nous sommes"},"content":{"rendered":"<section class=\"l-section wpb_row us_custom_23ec97cd height_medium width_full with_img\"><div class=\"l-section-img\" role=\"img\" data-img-width=\"1920\" data-img-height=\"1080\" style=\"background-image: url(https:\/\/www.21equipment.com\/wp-content\/uploads\/2023\/08\/21equipment-beauty-02-1.jpg);\"><\/div><div class=\"l-section-overlay\" style=\"background:rgba(26,26,26,0.25)\"><\/div><div class=\"l-section-h i-cf\"><div class=\"g-cols vc_row via_grid cols_1 laptops-cols_inherit tablets-cols_inherit mobiles-cols_1 valign_top type_default stacking_default\"><div class=\"wpb_column vc_column_container\"><div class=\"vc_column-inner\"><h1 class=\"w-itext us_custom_c9063327 has_text_color type_fadeIn align_center\" onclick='return {&quot;duration&quot;:300,&quot;delay&quot;:5000,&quot;disablePartAnimation&quot;:false,&quot;html_nbsp_char&quot;:true}'>QUI\u00a0NOUS\u00a0SOMMES<\/h1><\/div><\/div><\/div><\/div><\/section><section class=\"l-section wpb_row height_small with_img parallax_ver\"><div class=\"l-section-img\" role=\"img\" data-img-width=\"2000\" data-img-height=\"670\" style=\"background-image: url(https:\/\/www.21equipment.com\/wp-content\/uploads\/2023\/08\/21equipment-beauty-03.jpg);background-position: top center;\"><\/div><div class=\"l-section-overlay\" style=\"background:linear-gradient(90deg,#ffffff,rgba(255,250,250,0.70))\"><\/div><div class=\"l-section-h i-cf\"><div class=\"g-cols vc_row via_grid cols_2 laptops-cols_inherit tablets-cols_1 mobiles-cols_1 valign_top type_default stacking_default\" style=\"grid-gap:5vw;\"><div class=\"wpb_column vc_column_container us_custom_10c1e3e8 us_animate_this\"><div class=\"vc_column-inner\"><div class=\"w-image align_none\"><div url class=\"w-image-h\"><img loading=\"lazy\" decoding=\"async\" width=\"300\" height=\"82\" src=\"https:\/\/www.21equipment.com\/wp-content\/uploads\/2023\/08\/21_Equipment_TL_RGB-300x82.png\" class=\"attachment-medium size-medium\" alt=\"\" srcset=\"https:\/\/www.21equipment.com\/wp-content\/uploads\/2023\/08\/21_Equipment_TL_RGB-300x82.png 300w, https:\/\/www.21equipment.com\/wp-content\/uploads\/2023\/08\/21_Equipment_TL_RGB-1024x279.png 1024w, https:\/\/www.21equipment.com\/wp-content\/uploads\/2023\/08\/21_Equipment_TL_RGB-100x27.png 100w, https:\/\/www.21equipment.com\/wp-content\/uploads\/2023\/08\/21_Equipment_TL_RGB-600x164.png 600w, https:\/\/www.21equipment.com\/wp-content\/uploads\/2023\/08\/21_Equipment_TL_RGB-60x16.png 60w, https:\/\/www.21equipment.com\/wp-content\/uploads\/2023\/08\/21_Equipment_TL_RGB.png 1548w\" sizes=\"auto, (max-width: 300px) 100vw, 300px\" \/><\/div><\/div><div class=\"ult-spacer spacer-69f58dac56a39\" data-id=\"69f58dac56a39\" data-height=\"40\" data-height-mobile=\"10\" data-height-tab=\"40\" data-height-tab-portrait=\"40\" data-height-mobile-landscape=\"10\" style=\"clear:both;display:block;\"><\/div><div class=\"wpb_text_column us_custom_a887a1d8\"><div class=\"wpb_wrapper\"><p style=\"text-align: left;\" align=\"justify\">Bas\u00e9e au c\u0153ur de <strong>Turin<\/strong>, elle compte sur l\u2019exp\u00e9rience de <strong>plus de 47 ans de professionnels<\/strong> du secteur qui, gr\u00e2ce \u00e0 la recherche continue sur les mat\u00e9riaux, \u00e0 l\u2019\u00e9tude attentive des <strong>exigences du client<\/strong> et surtout \u00e0 l\u2019utilisation de technologies de conception, de contr\u00f4le et de production <strong>toujours \u00e0 l\u2019avant-garde<\/strong>, ont su accompagner tous les progr\u00e8s d\u00e9cisifs et importants du secteur esth\u00e9tique.<\/p>\n<p style=\"text-align: left;\" align=\"justify\">Au sein du groupe ont \u00e9t\u00e9 cr\u00e9\u00e9es des <strong>lignes de produits sp\u00e9cifiques<\/strong> allant du d\u00e9veloppement et de la production d\u2019\u00e9quipements d\u00e9di\u00e9s au secteur de <strong>l\u2019esth\u00e9tique et du bien-\u00eatre<\/strong>, en plus d\u2019une large gamme de cosm\u00e9tiques et de services d\u00e9di\u00e9s, qui se distinguent par leur concept avant-gardiste, leur design \u00e9l\u00e9gant et leur facilit\u00e9 d\u2019utilisation, expression du <strong>100% Made in Italy<\/strong>.<\/p>\n<\/div><\/div><div class=\"ult-spacer spacer-69f58dac56f76\" data-id=\"69f58dac56f76\" data-height=\"40\" data-height-mobile=\"80\" data-height-tab=\"80\" data-height-tab-portrait=\"80\" data-height-mobile-landscape=\"80\" style=\"clear:both;display:block;\"><\/div><\/div><\/div><div class=\"wpb_column vc_column_container us_custom_eb9ad6a0 moveimgup\"><div class=\"vc_column-inner\"><div class=\"w-image us_custom_ada4aa44 align_none\"><div url class=\"w-image-h\"><img loading=\"lazy\" decoding=\"async\" width=\"826\" height=\"1024\" src=\"https:\/\/www.21equipment.com\/wp-content\/uploads\/2023\/08\/21equipment-beauty-torino-2-826x1024.jpg\" class=\"attachment-large size-large\" alt=\"\" srcset=\"https:\/\/www.21equipment.com\/wp-content\/uploads\/2023\/08\/21equipment-beauty-torino-2-826x1024.jpg 826w, https:\/\/www.21equipment.com\/wp-content\/uploads\/2023\/08\/21equipment-beauty-torino-2-242x300.jpg 242w, https:\/\/www.21equipment.com\/wp-content\/uploads\/2023\/08\/21equipment-beauty-torino-2-81x100.jpg 81w, https:\/\/www.21equipment.com\/wp-content\/uploads\/2023\/08\/21equipment-beauty-torino-2-323x400.jpg 323w, https:\/\/www.21equipment.com\/wp-content\/uploads\/2023\/08\/21equipment-beauty-torino-2-48x60.jpg 48w, https:\/\/www.21equipment.com\/wp-content\/uploads\/2023\/08\/21equipment-beauty-torino-2.jpg 1500w\" sizes=\"auto, (max-width: 826px) 100vw, 826px\" \/><\/div><\/div><\/div><\/div><\/div><\/div><\/section><section class=\"l-section wpb_row height_medium\"><div class=\"l-section-h i-cf\"><div class=\"g-cols vc_row via_grid cols_5 laptops-cols_inherit tablets-cols_inherit mobiles-cols_1 valign_top type_default stacking_default\"><div class=\"wpb_column vc_column_container\"><div class=\"vc_column-inner\"><\/div><\/div><div class=\"wpb_column vc_column_container\"><div class=\"vc_column-inner\"><div class=\"w-image align_none\"><div url class=\"w-image-h\"><img loading=\"lazy\" decoding=\"async\" width=\"721\" height=\"586\" src=\"https:\/\/www.21equipment.com\/wp-content\/uploads\/2024\/01\/Accredia.jpg\" class=\"attachment-large size-large\" alt=\"\" srcset=\"https:\/\/www.21equipment.com\/wp-content\/uploads\/2024\/01\/Accredia.jpg 721w, https:\/\/www.21equipment.com\/wp-content\/uploads\/2024\/01\/Accredia-300x244.jpg 300w, https:\/\/www.21equipment.com\/wp-content\/uploads\/2024\/01\/Accredia-60x49.jpg 60w, https:\/\/www.21equipment.com\/wp-content\/uploads\/2024\/01\/Accredia-492x400.jpg 492w\" sizes=\"auto, (max-width: 721px) 100vw, 721px\" \/><\/div><\/div><\/div><\/div><div class=\"wpb_column vc_column_container\"><div class=\"vc_column-inner\"><div class=\"w-image align_none\"><div url class=\"w-image-h\"><img loading=\"lazy\" decoding=\"async\" width=\"721\" height=\"586\" src=\"https:\/\/www.21equipment.com\/wp-content\/uploads\/2024\/01\/CQI.jpg\" class=\"attachment-large size-large\" alt=\"\" srcset=\"https:\/\/www.21equipment.com\/wp-content\/uploads\/2024\/01\/CQI.jpg 721w, https:\/\/www.21equipment.com\/wp-content\/uploads\/2024\/01\/CQI-300x244.jpg 300w, https:\/\/www.21equipment.com\/wp-content\/uploads\/2024\/01\/CQI-60x49.jpg 60w, https:\/\/www.21equipment.com\/wp-content\/uploads\/2024\/01\/CQI-492x400.jpg 492w\" sizes=\"auto, (max-width: 721px) 100vw, 721px\" \/><\/div><\/div><\/div><\/div><div class=\"wpb_column vc_column_container\"><div class=\"vc_column-inner\"><div class=\"w-image align_none\"><div url class=\"w-image-h\"><img loading=\"lazy\" decoding=\"async\" width=\"721\" height=\"586\" src=\"https:\/\/www.21equipment.com\/wp-content\/uploads\/2024\/01\/ICIM-ITA.jpg\" class=\"attachment-large size-large\" alt=\"\" srcset=\"https:\/\/www.21equipment.com\/wp-content\/uploads\/2024\/01\/ICIM-ITA.jpg 721w, https:\/\/www.21equipment.com\/wp-content\/uploads\/2024\/01\/ICIM-ITA-300x244.jpg 300w, https:\/\/www.21equipment.com\/wp-content\/uploads\/2024\/01\/ICIM-ITA-60x49.jpg 60w, https:\/\/www.21equipment.com\/wp-content\/uploads\/2024\/01\/ICIM-ITA-492x400.jpg 492w\" sizes=\"auto, (max-width: 721px) 100vw, 721px\" \/><\/div><\/div><\/div><\/div><div class=\"wpb_column vc_column_container\"><div class=\"vc_column-inner\"><\/div><\/div><\/div><\/div><\/section><section class=\"l-section wpb_row height_small\"><div class=\"l-section-h i-cf\"><div class=\"g-cols vc_row via_grid cols_1 laptops-cols_inherit tablets-cols_inherit mobiles-cols_1 valign_top type_default stacking_default\"><div class=\"wpb_column vc_column_container\"><div class=\"vc_column-inner\"><h1 class=\"w-text us_custom_f75a2169 movedx has_text_color\"><span url class=\"w-text-h\"><span class=\"w-text-value\">Nos SERVICES<\/span><\/span><\/h1><\/div><\/div><\/div><\/div><\/section><!-- Row Backgrounds --><div class=\"upb_color\" data-bg-override=\"0\" data-bg-color=\"#eaeaea\" data-fadeout=\"\" data-fadeout-percentage=\"30\" data-parallax-content=\"\" data-parallax-content-sense=\"30\" data-row-effect-mobile-disable=\"true\" data-img-parallax-mobile-disable=\"true\" data-rtl=\"false\"  data-custom-vc-row=\"\"  data-vc=\"6.13.0\"  data-is_old_vc=\"\"  data-theme-support=\"\"   data-overlay=\"false\" data-overlay-color=\"\" data-overlay-pattern=\"\" data-overlay-pattern-opacity=\"\" data-overlay-pattern-size=\"\"    ><\/div><section class=\"l-section wpb_row height_medium with_img parallax_ver\"><div class=\"l-section-img\" role=\"img\" data-img-width=\"2000\" data-img-height=\"670\" style=\"background-image: url(https:\/\/www.21equipment.com\/wp-content\/uploads\/2023\/08\/21equipment-beauty-04.jpg);background-repeat: no-repeat;\"><\/div><div class=\"l-section-overlay\" style=\"background:rgba(255,255,255,0.90)\"><\/div><div class=\"l-section-h i-cf\"><div class=\"g-cols vc_row via_grid cols_1 laptops-cols_inherit tablets-cols_inherit mobiles-cols_1 valign_top type_default stacking_default\"><div class=\"wpb_column vc_column_container\"><div class=\"vc_column-inner\"><div class=\"g-cols wpb_row via_grid cols_3 laptops-cols_inherit tablets-cols_inherit mobiles-cols_1 valign_top type_default stacking_default\"><div class=\"wpb_column vc_column_container movedx\"><div class=\"vc_column-inner\"><div class=\"ult-spacer spacer-69f58dac6041a\" data-id=\"69f58dac6041a\" data-height=\"40\" data-height-mobile=\"10\" data-height-tab=\"40\" data-height-tab-portrait=\"40\" data-height-mobile-landscape=\"10\" style=\"clear:both;display:block;\"><\/div><div class=\"wpb_text_column us_custom_46e69c72 has_text_color\"><div class=\"wpb_wrapper\"><p><span class=\"testo-evidenziato-turchese\"><strong>EVALUATION<\/strong><\/span><\/p>\n<\/div><\/div><div class=\"ult-spacer spacer-69f58dac6074c\" data-id=\"69f58dac6074c\" data-height=\"40\" data-height-mobile=\"30\" data-height-tab=\"30\" data-height-tab-portrait=\"30\" data-height-mobile-landscape=\"30\" style=\"clear:both;display:block;\"><\/div><div class=\"wpb_text_column us_custom_ec00eeb6\"><div class=\"wpb_wrapper\"><p style=\"text-align: center;\">\u00c9tude et \u00e9valuation des techniques, m\u00e9thodologies et \u00e9quipements \u00e0 inclure dans l\u2019activit\u00e9<\/p>\n<\/div><\/div><\/div><\/div><div class=\"wpb_column vc_column_container moveimgdown\"><div class=\"vc_column-inner\"><div class=\"ult-spacer spacer-69f58dac60c15\" data-id=\"69f58dac60c15\" data-height=\"40\" data-height-mobile=\"10\" data-height-tab=\"40\" data-height-tab-portrait=\"40\" data-height-mobile-landscape=\"10\" style=\"clear:both;display:block;\"><\/div><div class=\"wpb_text_column us_custom_46e69c72 has_text_color\"><div class=\"wpb_wrapper\"><p><span class=\"testo-evidenziato-darkblu\"><strong>TRAINING<\/strong><\/span><\/p>\n<\/div><\/div><div class=\"ult-spacer spacer-69f58dac60e54\" data-id=\"69f58dac60e54\" data-height=\"40\" data-height-mobile=\"30\" data-height-tab=\"30\" data-height-tab-portrait=\"30\" data-height-mobile-landscape=\"30\" style=\"clear:both;display:block;\"><\/div><div class=\"wpb_text_column us_custom_43b01adb\"><div class=\"wpb_wrapper\"><p style=\"text-align: center;\">Formation et instruction du personnel op\u00e9rationnel de vente et de direction.<\/p>\n<\/div><\/div><\/div><\/div><div class=\"wpb_column vc_column_container movesx\"><div class=\"vc_column-inner\"><div class=\"ult-spacer spacer-69f58dac612c3\" data-id=\"69f58dac612c3\" data-height=\"40\" data-height-mobile=\"10\" data-height-tab=\"40\" data-height-tab-portrait=\"40\" data-height-mobile-landscape=\"10\" style=\"clear:both;display:block;\"><\/div><div class=\"wpb_text_column us_custom_46e69c72 has_text_color\"><div class=\"wpb_wrapper\"><p><span class=\"testo-evidenziato-turchese\"><strong>PRESENCE<\/strong><\/span><\/p>\n<\/div><\/div><div class=\"ult-spacer spacer-69f58dac61570\" data-id=\"69f58dac61570\" data-height=\"40\" data-height-mobile=\"30\" data-height-tab=\"30\" data-height-tab-portrait=\"30\" data-height-mobile-landscape=\"30\" style=\"clear:both;display:block;\"><\/div><div class=\"wpb_text_column us_custom_43b01adb\"><div class=\"wpb_wrapper\"><p style=\"text-align: center;\">Assistance \u00e0 l\u2019activit\u00e9 et conseils pour de nouvelles initiatives.<\/p>\n<\/div><\/div><\/div><\/div><\/div><div class=\"g-cols wpb_row via_grid cols_custom laptops-cols_inherit tablets-cols_inherit mobiles-cols_1 valign_top type_default stacking_default\" style=\"--custom-columns:1fr 2fr 2fr 1fr \"><div class=\"wpb_column vc_column_container\"><div class=\"vc_column-inner\"><\/div><\/div><div class=\"wpb_column vc_column_container movedx\"><div class=\"vc_column-inner\"><div class=\"ult-spacer spacer-69f58dac61d2b\" data-id=\"69f58dac61d2b\" data-height=\"40\" data-height-mobile=\"30\" data-height-tab=\"30\" data-height-tab-portrait=\"30\" data-height-mobile-landscape=\"30\" style=\"clear:both;display:block;\"><\/div><div class=\"wpb_text_column us_custom_46e69c72 has_text_color\"><div class=\"wpb_wrapper\"><p><span class=\"testo-evidenziato-darkblu\"><strong>FREE<\/strong><\/span><\/p>\n<\/div><\/div><div class=\"ult-spacer spacer-69f58dac61f5f\" data-id=\"69f58dac61f5f\" data-height=\"40\" data-height-mobile=\"30\" data-height-tab=\"30\" data-height-tab-portrait=\"30\" data-height-mobile-landscape=\"30\" style=\"clear:both;display:block;\"><\/div><div class=\"wpb_text_column us_custom_ec00eeb6\"><div class=\"wpb_wrapper\"><p style=\"text-align: center;\">Assistance technique gratuite<br \/>\npendant les deux premi\u00e8res ann\u00e9es sur les \u00e9quipements.<\/p>\n<\/div><\/div><div class=\"ult-spacer spacer-69f58dac62170\" data-id=\"69f58dac62170\" data-height=\"40\" data-height-mobile=\"30\" data-height-tab=\"30\" data-height-tab-portrait=\"30\" data-height-mobile-landscape=\"30\" style=\"clear:both;display:block;\"><\/div><\/div><\/div><div class=\"wpb_column vc_column_container movesx\"><div class=\"vc_column-inner\"><div class=\"ult-spacer spacer-69f58dac623ac\" data-id=\"69f58dac623ac\" data-height=\"40\" data-height-mobile=\"30\" data-height-tab=\"30\" data-height-tab-portrait=\"30\" data-height-mobile-landscape=\"30\" style=\"clear:both;display:block;\"><\/div><div class=\"wpb_text_column us_custom_46e69c72 has_text_color\"><div class=\"wpb_wrapper\"><p><span class=\"testo-evidenziato-darkblu\"><strong>MARKETING<\/strong><\/span><\/p>\n<\/div><\/div><div class=\"ult-spacer spacer-69f58dac625fb\" data-id=\"69f58dac625fb\" data-height=\"40\" data-height-mobile=\"30\" data-height-tab=\"30\" data-height-tab-portrait=\"30\" data-height-mobile-landscape=\"30\" style=\"clear:both;display:block;\"><\/div><div class=\"wpb_text_column us_custom_43b01adb\"><div class=\"wpb_wrapper\"><p style=\"text-align: center;\">Assistance marketing.<\/p>\n<\/div><\/div><div class=\"ult-spacer spacer-69f58dac62826\" data-id=\"69f58dac62826\" data-height=\"40\" data-height-mobile=\"30\" data-height-tab=\"30\" data-height-tab-portrait=\"30\" data-height-mobile-landscape=\"30\" style=\"clear:both;display:block;\"><\/div><\/div><\/div><div class=\"wpb_column vc_column_container\"><div class=\"vc_column-inner\"><\/div><\/div><\/div><\/div><\/div><\/div><\/div><\/section><section class=\"l-section wpb_row hide_on_mobiles height_large with_img parallax_ver\"><div class=\"l-section-img\" role=\"img\" data-img-width=\"2000\" data-img-height=\"890\" style=\"background-image: url(https:\/\/www.21equipment.com\/wp-content\/uploads\/2023\/08\/21equipment-beauty-05.jpg);background-repeat: no-repeat;\"><\/div><div class=\"l-section-overlay\" style=\"background:rgba(255,255,255,0.45)\"><\/div><div class=\"l-section-h i-cf\"><div class=\"g-cols vc_row via_grid cols_2 laptops-cols_inherit tablets-cols_inherit mobiles-cols_1 valign_top type_default stacking_default\"><div class=\"wpb_column vc_column_container us_custom_0aa00465 moveimgup has_text_color\"><div class=\"vc_column-overlay\" style=\"background:#029595\"><\/div><div class=\"vc_column-inner\"><div class=\"ult-spacer spacer-69f58dac63869\" data-id=\"69f58dac63869\" data-height=\"30\" data-height-mobile=\"10\" data-height-tab=\"30\" data-height-tab-portrait=\"30\" data-height-mobile-landscape=\"10\" style=\"clear:both;display:block;\"><\/div><div class=\"wpb_text_column us_custom_1cb8c1ef\"><div class=\"wpb_wrapper\"><p>Recherche et innovation au service<\/p>\n<\/div><\/div><div class=\"ult-spacer spacer-69f58dac63af9\" data-id=\"69f58dac63af9\" data-height=\"7\" data-height-mobile=\"7\" data-height-tab=\"7\" data-height-tab-portrait=\"7\" data-height-mobile-landscape=\"7\" style=\"clear:both;display:block;\"><\/div><div class=\"wpb_text_column us_custom_46e69c72 has_text_color\"><div class=\"wpb_wrapper\"><p><strong>de la beaut\u00e9<\/strong><\/p>\n<\/div><\/div><div class=\"ult-spacer spacer-69f58dac63d44\" data-id=\"69f58dac63d44\" data-height=\"40\" data-height-mobile=\"30\" data-height-tab=\"30\" data-height-tab-portrait=\"30\" data-height-mobile-landscape=\"30\" style=\"clear:both;display:block;\"><\/div><div class=\"wpb_text_column us_custom_e221e954\"><div class=\"wpb_wrapper\"><p>Recherche de r\u00e9sultats tangibles, d\u00e9veloppement de technologies s\u00fbres, attention aux r\u00e9glementations en vigueur dans les diff\u00e9rents pays, innovation technologique et pratique au service de l\u2019esth\u00e9tique.<\/p>\n<\/div><\/div><div class=\"w-separator size_custom with_line width_default thick_1 style_solid color_text align_center\" style=\"height:60px\"><div class=\"w-separator-h\"><\/div><\/div><div class=\"w-image align_center\"><div url class=\"w-image-h\"><img loading=\"lazy\" decoding=\"async\" width=\"52\" height=\"60\" src=\"https:\/\/www.21equipment.com\/wp-content\/uploads\/2023\/08\/21.png\" class=\"attachment-us_60_60 size-us_60_60\" alt=\"\" srcset=\"https:\/\/www.21equipment.com\/wp-content\/uploads\/2023\/08\/21.png 347w, https:\/\/www.21equipment.com\/wp-content\/uploads\/2023\/08\/21-260x300.png 260w, https:\/\/www.21equipment.com\/wp-content\/uploads\/2023\/08\/21-87x100.png 87w, https:\/\/www.21equipment.com\/wp-content\/uploads\/2023\/08\/21-52x60.png 52w\" sizes=\"auto, (max-width: 52px) 100vw, 52px\" \/><\/div><\/div><div class=\"ult-spacer spacer-69f58dac64ed2\" data-id=\"69f58dac64ed2\" data-height=\"7\" data-height-mobile=\"7\" data-height-tab=\"7\" data-height-tab-portrait=\"7\" data-height-mobile-landscape=\"7\" style=\"clear:both;display:block;\"><\/div><\/div><\/div><div class=\"wpb_column vc_column_container\"><div class=\"vc_column-inner\"><\/div><\/div><\/div><\/div><\/section><section class=\"l-section wpb_row hide_on_default hide_on_laptops hide_on_tablets height_medium\" id=\"mobile\"><div class=\"l-section-h i-cf\"><div class=\"g-cols vc_row via_grid cols_1 laptops-cols_inherit tablets-cols_inherit mobiles-cols_1 valign_top type_default stacking_default\"><div class=\"wpb_column vc_column_container\"><div class=\"vc_column-inner\"><div class=\"g-cols wpb_row us_custom_e8210d71 has_text_color hide_on_default hide_on_laptops hide_on_tablets via_grid cols_1 laptops-cols_inherit tablets-cols_inherit mobiles-cols_1 valign_top type_default stacking_default\"><div class=\"wpb_column vc_column_container\"><div class=\"vc_column-inner\"><div class=\"wpb_text_column us_custom_1cb8c1ef\"><div class=\"wpb_wrapper\"><p>Recherche et innovation au service<\/p>\n<\/div><\/div><div class=\"ult-spacer spacer-69f58dac65f3e\" data-id=\"69f58dac65f3e\" data-height=\"7\" data-height-mobile=\"7\" data-height-tab=\"7\" data-height-tab-portrait=\"7\" data-height-mobile-landscape=\"7\" style=\"clear:both;display:block;\"><\/div><div class=\"wpb_text_column us_custom_46e69c72 has_text_color\"><div class=\"wpb_wrapper\"><p><strong>de la beaut\u00e9<\/strong><\/p>\n<\/div><\/div><div class=\"wpb_text_column us_custom_e221e954\"><div class=\"wpb_wrapper\"><p>Recherche de r\u00e9sultats tangibles, d\u00e9veloppement de technologies s\u00fbres, attention aux r\u00e9glementations en vigueur dans les diff\u00e9rents pays, innovation technologique et pratique au service de l\u2019esth\u00e9tique.<\/p>\n<\/div><\/div><div class=\"ult-spacer spacer-69f58dac6639c\" data-id=\"69f58dac6639c\" data-height=\"7\" data-height-mobile=\"7\" data-height-tab=\"7\" data-height-tab-portrait=\"7\" data-height-mobile-landscape=\"7\" style=\"clear:both;display:block;\"><\/div><div class=\"w-image align_center\"><div url class=\"w-image-h\"><img loading=\"lazy\" decoding=\"async\" width=\"52\" height=\"60\" src=\"https:\/\/www.21equipment.com\/wp-content\/uploads\/2023\/08\/21.png\" class=\"attachment-us_60_60 size-us_60_60\" alt=\"\" srcset=\"https:\/\/www.21equipment.com\/wp-content\/uploads\/2023\/08\/21.png 347w, https:\/\/www.21equipment.com\/wp-content\/uploads\/2023\/08\/21-260x300.png 260w, https:\/\/www.21equipment.com\/wp-content\/uploads\/2023\/08\/21-87x100.png 87w, https:\/\/www.21equipment.com\/wp-content\/uploads\/2023\/08\/21-52x60.png 52w\" sizes=\"auto, (max-width: 52px) 100vw, 52px\" \/><\/div><\/div><\/div><\/div><\/div><\/div><\/div><\/div><\/div><\/section><section class=\"l-section wpb_row height_auto color_footer-bottom\"><div class=\"l-section-h i-cf\"><div class=\"g-cols vc_row via_grid cols_1 laptops-cols_inherit tablets-cols_inherit mobiles-cols_1 valign_top type_default stacking_default\"><div class=\"wpb_column vc_column_container\"><div class=\"vc_column-inner\">[vc_raw_js]JTNDc2NyaXB0JTNFJTBBdmFyJTIwbW92ZXN4bG93JTIwJTNEJTIwZG9jdW1lbnQuZ2V0RWxlbWVudHNCeUNsYXNzTmFtZSUyOCUyN21vdmVzeGxvdyUyNyUyOSUzQiUwQW5ldyUyMHNpbXBsZVBhcmFsbGF4JTI4bW92ZXN4bG93JTJDJTIwJTdCJTBBJTIwJTIwJTIwJTIwZGVsYXklM0ElMjAxMCUyQyUwQSUyMCUyMCUyMCUyMG9yaWVudGF0aW9uJTNBJTIwJTI3bGVmdCUyNyUyQyUwQSUyMCUyMCUyMCUyMHNjYWxlJTNBJTIwMS4xJTJDJTBBJTIwJTIwJTIwJTIwb3ZlcmZsb3clM0ElMjB0cnVlJTBBJTBBJTdEJTI5JTNCJTBBdmFyJTIwbW92ZWR4bG93JTIwJTNEJTIwZG9jdW1lbnQuZ2V0RWxlbWVudHNCeUNsYXNzTmFtZSUyOCUyN21vdmVkeGxvdyUyNyUyOSUzQiUwQW5ldyUyMHNpbXBsZVBhcmFsbGF4JTI4bW92ZWR4bG93JTJDJTIwJTdCJTBBJTIwJTIwJTIwJTIwZGVsYXklM0ElMjAxMCUyQyUwQSUyMCUyMCUyMCUyMG9yaWVudGF0aW9uJTNBJTIwJTI3cmlnaHQlMjclMkMlMEElMjAlMjAlMjAlMjBzY2FsZSUzQSUyMDEuMSUyQyUwQSUyMCUyMCUyMCUyMG92ZXJmbG93JTNBJTIwdHJ1ZSUwQSUwQSU3RCUyOSUzQiUwQXZhciUyMG1vdmVzeCUyMCUzRCUyMGRvY3VtZW50LmdldEVsZW1lbnRzQnlDbGFzc05hbWUlMjglMjdtb3Zlc3glMjclMjklM0IlMEFuZXclMjBzaW1wbGVQYXJhbGxheCUyOG1vdmVzeCUyQyUyMCU3QiUwQSUyMCUyMCUyMCUyMGRlbGF5JTNBJTIwMTAlMkMlMEElMjAlMjAlMjAlMjBvcmllbnRhdGlvbiUzQSUyMCUyN2xlZnQlMjclMkMlMEElMjAlMjAlMjAlMjBzY2FsZSUzQSUyMDEuNSUyQyUwQSUyMCUyMCUyMCUyMG92ZXJmbG93JTNBJTIwdHJ1ZSUwQSUwQSU3RCUyOSUzQiUwQXZhciUyMG1vdmVkeCUyMCUzRCUyMGRvY3VtZW50LmdldEVsZW1lbnRzQnlDbGFzc05hbWUlMjglMjdtb3ZlZHglMjclMjklM0IlMEFuZXclMjBzaW1wbGVQYXJhbGxheCUyOG1vdmVkeCUyQyUyMCU3QiUwQSUyMCUyMCUyMCUyMGRlbGF5JTNBJTIwMTAlMkMlMEElMjAlMjAlMjAlMjBvcmllbnRhdGlvbiUzQSUyMCUyN3JpZ2h0JTI3JTJDJTBBJTIwJTIwJTIwJTIwc2NhbGUlM0ElMjAxLjUlMkMlMEElMjAlMjAlMjAlMjBvdmVyZmxvdyUzQSUyMHRydWUlMEElMEElN0QlMjklM0IlMEF2YXIlMjBtb3ZlaW1nc3glMjAlM0QlMjBkb2N1bWVudC5nZXRFbGVtZW50c0J5Q2xhc3NOYW1lJTI4JTI3bW92ZWltZ3N4JTI3JTI5JTNCJTBBbmV3JTIwc2ltcGxlUGFyYWxsYXglMjhtb3ZlaW1nc3glMkMlMjAlN0IlMEElMjAlMjAlMjAlMjBkZWxheSUzQSUyMDEwJTJDJTBBJTIwJTIwJTIwJTIwb3JpZW50YXRpb24lM0ElMjAlMjdsZWZ0JTI3JTJDJTBBJTIwJTIwJTIwJTIwc2NhbGUlM0ElMjAyLjIlMkMlMEElMjAlMjAlMjAlMjBvdmVyZmxvdyUzQSUyMHRydWUlMkMlMEElMjAlMjAlMjAlMjBtYXhUcmFuc2l0aW9uJTNBJTIwNTUlMEElMEElN0QlMjklM0IlMEF2YXIlMjBtb3ZlaW1ndXAlMjAlM0QlMjBkb2N1bWVudC5nZXRFbGVtZW50c0J5Q2xhc3NOYW1lJTI4JTI3bW92ZWltZ3VwJTI3JTI5JTNCJTBBbmV3JTIwc2ltcGxlUGFyYWxsYXglMjhtb3ZlaW1ndXAlMkMlMjAlN0IlMEElMjAlMjAlMjAlMjBkZWxheSUzQSUyMDEwJTJDJTBBJTIwJTIwJTIwJTIwb3JpZW50YXRpb24lM0ElMjAlMjd1cCUyNyUyQyUwQSUyMCUyMCUyMCUyMHNjYWxlJTNBJTIwMS41JTJDJTBBJTIwJTIwJTIwJTIwb3ZlcmZsb3clM0ElMjB0cnVlJTJDJTBBJTIwJTIwJTIwJTIwbWF4VHJhbnNpdGlvbiUzQSUyMDYwJTBBJTBBJTdEJTI5JTNCJTBBdmFyJTIwbW92ZWltZ2Rvd24lMjAlM0QlMjBkb2N1bWVudC5nZXRFbGVtZW50c0J5Q2xhc3NOYW1lJTI4JTI3bW92ZWltZ2Rvd24lMjclMjklM0IlMEFuZXclMjBzaW1wbGVQYXJhbGxheCUyOG1vdmVpbWdkb3duJTJDJTIwJTdCJTBBJTIwJTIwJTIwJTIwZGVsYXklM0ElMjAxMCUyQyUwQSUyMCUyMCUyMCUyMG9yaWVudGF0aW9uJTNBJTIwJTI3ZG93biUyNyUyQyUwQSUyMCUyMCUyMCUyMHNjYWxlJTNBJTIwMS41JTJDJTBBJTIwJTIwJTIwJTIwb3ZlcmZsb3clM0ElMjB0cnVlJTJDJTBBJTIwJTIwJTIwJTIwbWF4VHJhbnNpdGlvbiUzQSUyMDYwJTBBJTBBJTdEJTI5JTNCJTBBJTNDJTJGc2NyaXB0JTNF[\/vc_raw_js]<\/div><\/div><\/div><\/div><\/section>\n","protected":false},"excerpt":{"rendered":"QUI\u00a0NOUS\u00a0SOMMESBas\u00e9e au c\u0153ur de Turin, elle compte sur l\u2019exp\u00e9rience de plus de 47 ans de professionnels du secteur qui, gr\u00e2ce \u00e0 la recherche continue sur les mat\u00e9riaux, \u00e0 l\u2019\u00e9tude attentive des exigences du client et surtout \u00e0 l\u2019utilisation de technologies de conception, de contr\u00f4le et de production toujours \u00e0 l\u2019avant-garde, ont su accompagner tous les...","protected":false},"author":1,"featured_media":0,"parent":0,"menu_order":0,"comment_status":"closed","ping_status":"closed","template":"","meta":{"footnotes":""},"class_list":["post-2375","page","type-page","status-publish","hentry"],"_links":{"self":[{"href":"https:\/\/www.21equipment.com\/fr\/wp-json\/wp\/v2\/pages\/2375","targetHints":{"allow":["GET"]}}],"collection":[{"href":"https:\/\/www.21equipment.com\/fr\/wp-json\/wp\/v2\/pages"}],"about":[{"href":"https:\/\/www.21equipment.com\/fr\/wp-json\/wp\/v2\/types\/page"}],"author":[{"embeddable":true,"href":"https:\/\/www.21equipment.com\/fr\/wp-json\/wp\/v2\/users\/1"}],"replies":[{"embeddable":true,"href":"https:\/\/www.21equipment.com\/fr\/wp-json\/wp\/v2\/comments?post=2375"}],"version-history":[{"count":8,"href":"https:\/\/www.21equipment.com\/fr\/wp-json\/wp\/v2\/pages\/2375\/revisions"}],"predecessor-version":[{"id":3128,"href":"https:\/\/www.21equipment.com\/fr\/wp-json\/wp\/v2\/pages\/2375\/revisions\/3128"}],"wp:attachment":[{"href":"https:\/\/www.21equipment.com\/fr\/wp-json\/wp\/v2\/media?parent=2375"}],"curies":[{"name":"wp","href":"https:\/\/api.w.org\/{rel}","templated":true}]}}